{"id":34616,"date":"2023-08-01T17:49:50","date_gmt":"2023-08-01T20:49:50","guid":{"rendered":"https:\/\/servidor.reportei.com\/?page_id=34616"},"modified":"2026-04-03T12:44:22","modified_gmt":"2026-04-03T15:44:22","slug":"politica-de-privacidad","status":"publish","type":"page","link":"https:\/\/reportei.com\/es\/politica-de-privacidad\/","title":{"rendered":"Pol\u00edtica de Privacidad"},"content":{"rendered":"\t\t<div data-elementor-type=\"wp-page\" data-elementor-id=\"34616\" class=\"elementor elementor-34616 elementor-16667\" data-elementor-post-type=\"page\">\n\t\t\t\t\t\t<section data-particle_enable=\"false\" data-particle-mobile-disabled=\"false\" class=\"elementor-section elementor-top-section elementor-element elementor-element-2119eb3 elementor-section-stretched elementor-section-boxed elementor-section-height-default elementor-section-height-default\" data-id=\"2119eb3\" data-element_type=\"section\" data-settings=\"{&quot;stretch_section&quot;:&quot;section-stretched&quot;}\">\n\t\t\t\t\t\t<div class=\"elementor-container elementor-column-gap-default\">\n\t\t\t\t\t<div class=\"elementor-column elementor-col-100 elementor-top-column elementor-element elementor-element-ccd8cc6\" data-id=\"ccd8cc6\" data-element_type=\"column\">\n\t\t\t<div class=\"elementor-widget-wrap elementor-element-populated\">\n\t\t\t\t\t\t<div class=\"elementor-element elementor-element-18691be elementor-widget elementor-widget-heading\" data-id=\"18691be\" data-element_type=\"widget\" data-widget_type=\"heading.default\">\n\t\t\t\t<div class=\"elementor-widget-container\">\n\t\t\t\t\t<h1 class=\"elementor-heading-title elementor-size-default\">Pol\u00edtica de Privacidad<\/h1>\t\t\t\t<\/div>\n\t\t\t\t<\/div>\n\t\t\t\t\t<\/div>\n\t\t<\/div>\n\t\t\t\t\t<\/div>\n\t\t<\/section>\n\t\t\t\t<section data-particle_enable=\"false\" data-particle-mobile-disabled=\"false\" class=\"elementor-section elementor-top-section elementor-element elementor-element-a1706f0 elementor-section-boxed elementor-section-height-default elementor-section-height-default\" data-id=\"a1706f0\" data-element_type=\"section\">\n\t\t\t\t\t\t<div class=\"elementor-container elementor-column-gap-default\">\n\t\t\t\t\t<div class=\"elementor-column elementor-col-100 elementor-top-column elementor-element elementor-element-86bf2b3\" data-id=\"86bf2b3\" data-element_type=\"column\">\n\t\t\t<div class=\"elementor-widget-wrap elementor-element-populated\">\n\t\t\t\t\t\t<div class=\"elementor-element elementor-element-2462299 elementor-widget elementor-widget-text-editor\" data-id=\"2462299\" data-element_type=\"widget\" data-widget_type=\"text-editor.default\">\n\t\t\t\t<div class=\"elementor-widget-container\">\n\t\t\t\t\t\t\t\t\t<p>\u00daltima actualizaci\u00f3n: 24 de febrero de 2023<\/p>\t\t\t\t\t\t\t\t<\/div>\n\t\t\t\t<\/div>\n\t\t\t\t\t<\/div>\n\t\t<\/div>\n\t\t\t\t\t<\/div>\n\t\t<\/section>\n\t\t\t\t<section data-particle_enable=\"false\" data-particle-mobile-disabled=\"false\" class=\"elementor-section elementor-top-section elementor-element elementor-element-50e66bbd elementor-section-boxed elementor-section-height-default elementor-section-height-default\" data-id=\"50e66bbd\" data-element_type=\"section\">\n\t\t\t\t\t\t<div class=\"elementor-container elementor-column-gap-default\">\n\t\t\t\t\t<div class=\"elementor-column elementor-col-100 elementor-top-column elementor-element elementor-element-34719d52\" data-id=\"34719d52\" data-element_type=\"column\">\n\t\t\t<div class=\"elementor-widget-wrap elementor-element-populated\">\n\t\t\t\t\t\t<div class=\"elementor-element elementor-element-4d8a71e9 elementor-widget__width-initial elementor-widget elementor-widget-text-editor\" data-id=\"4d8a71e9\" data-element_type=\"widget\" data-widget_type=\"text-editor.default\">\n\t\t\t\t<div class=\"elementor-widget-container\">\n\t\t\t\t\t\t\t\t\t<p><b>PRIVACY POLICY\u00a0<\/b><\/p><ol><li aria-level=\"1\"><b>INITIAL CONSIDERATIONS<br \/><br \/><\/b>This \u201cPRIVACY POLICY\u201d document defines the practices and processes adopted by the data management company \u201cReportei\u201d when managing the information of its users, seeking to inform them about all their rights and guarantees, the ways of use, data collected, processing, and disposal of your personal information, to make the relationship between the company providing the transparent\u00a0<i>software\u00a0<\/i>and the user.<\/li><li aria-level=\"1\"><b>DATA STORAGE<br \/><br \/><\/b>As a data management company, Reportei reserves the right to use the user\u2019s personal and professional information, provided it is provided through the registration form or for the use of the\u00a0<i>software<\/i>. Noteworthy, however, is the guarantee of confidentiality of these data by Reportei, which undertakes not to disclose them to third parties without the user\u2019s prior authorization.<br \/><br \/>When the user carries out a transaction with our\u00a0<i>website<\/i>, we collect the personal information that he provides to us, such as name,\u00a0<i>e-mail,<\/i>\u00a0and address, as part of the purchase and sale process.<br \/>When the user accesses our\u00a0<i>website<\/i>, we also automatically receive the internet protocol from his computer, IP address, to obtain information that helps us learn about his browser and operating system.<br \/><i>Who will only carry out e-mail messages<\/i>\u00a0if the user allows them? In these\u00a0<i>emails<\/i>, the user will receive news about our\u00a0<i>website<\/i>, new products, and other updates.<br \/>When hiring the\u00a0<i>software<\/i>\u00a0Reportei, the user becomes aware of collecting some personal information to run the\u00a0<i>software<\/i>.<br \/><br \/><\/li><li aria-level=\"1\"><b>USE OF\u00a0<\/b><b><i>COOKIES<\/i><\/b><b>\u00a0AND ITS UTILITY<br \/><br \/><\/b><i>Cookies<\/i>\u00a0are small text files sent to the user\u2019s computer, stored on this device. These small files are used to recognize, track and store the user\u2019s Internet browsing.<br \/><br \/>We use\u00a0<i>cookies<\/i>\u00a0to store information, such as the user\u2019s personal preferences when visiting our\u00a0<i>website<\/i>. This may include a simple\u00a0<i>pop-up<\/i>\u00a0or a link to various services we provide, such as forums.<br \/><br \/>The use of\u00a0<i>cookies<\/i>\u00a0to track and store information will enable Reportei to offer a more personalized service, according to the characteristics and interests of its users, even making it possible to offer specific content, benefiting their experience on the Internet.<br \/><br \/>In general,\u00a0<i>cookies<\/i>\u00a0are used to:<br \/>Provide differentiated services, remembering who the user is and what their browsing habits are, in addition to accessing their registration information at\u00a0<i>https:\/\/reportei.com\/<\/i>\u00a0(stored on our servers).<\/li><\/ol><ul><li aria-level=\"1\">Monitor the progress of promotions. When a promotion organized by Reportei uses\u00a0<i>cookies<\/i>, the information recorded indicates the user\u2019s score.<\/li><li aria-level=\"1\">Measure certain navigation patterns, map areas of the Reportei website the user visited, and their visiting habits. We use this information to check our users\u2019 browsing routine and thus offer increasingly personalized content and\/or services.<\/li><li aria-level=\"1\">Facilitate and expedite the filling of forms. The information contained in the\u00a0<i>cookies<\/i>\u00a0of each user can be used to pre-fill the data collection forms existing on the Internet.<br \/><br \/>Advertisers, partners, and\/or sponsors of Reportei may use their own\u00a0<i>cookies<\/i>, which are not covered by this Policy. We suggest the user consult the privacy policies of these companies.<br \/><br \/>The user has the power to turn off his\u00a0<i>cookies<\/i>\u00a0in the options of his\u00a0<i>browser<\/i>\u00a0or making changes in the tools of antivirus programs. However, this may change the way you interact with ours or other\u00a0<i>websites<\/i>. This may affect or not allow you to\u00a0<i>log<\/i>\u00a0in to programs,\u00a0<i>websites,<\/i>\u00a0or forums of our and other networks.<br \/><br \/>4.\u00a0<b>USE OF USER INFORMATION<br \/><br \/><\/b>The information collected by Reportei will be used to personalize the content and\/or services provided. This includes personalization services, interactive communications, shopping\u00a0<i>online,<\/i>\u00a0and other types of services. Having more information about the user, Reportei will provide more relevant content and services and provide a better experience\u00a0<i>online<\/i>.<br \/><br \/>The information can also be used to generate general statistical data for informational or commercial purposes. Who may provide geographic, demographic, psychographic, and user usage profile information to partners, sponsors, advertisers, or other external companies without revealing names or other browsing data.<br \/><br \/>Individual personal information will not be marketed or provided to third parties under any circumstances, except in strict compliance with court orders or similar legal procedures. All information provided to partners, sponsors, advertisers, and others will only be for user groups (market segments).<br \/><br \/>All personal information relating to members, subscribers, customers, or visitors using Reportei\u2019s services will be treated by the General Personal Data Protection Law of August 14, 2018 (Law No. 13,709).<br \/><br \/>The personal information collected from the user may include, for example, his name,\u00a0<i>e-mail<\/i>, telephone and\/or mobile phone number, address, and date of birth.<br \/><br \/>The use of the\u00a0<i>software<\/i>\u00a0implies acceptance of this Privacy Policy. The Reportei team reserves the right to change this agreement. Therefore, we recommend that the user consult our Privacy Policy regularly to be always up to date.<br \/><br \/>5.\u00a0<b>INFORMATION SHARING<br \/><br \/><\/b>Reportei does not have the practice of disclosing information that can identify its users, except when authorized by them or in the circumstances provided for in this agreement. In some cases, this identification will be necessary if the user purchases a certain product or service that needs personal information. Identification can also be requested so that a particular business transaction can take place. The disclosure of user data may also occur due to legal requirements. Reportei may disclose the user\u2019s personal information in some circumstances, listed in the following cases:<\/li><\/ul><ul><li aria-level=\"1\">Business partners and sponsors: Reportei may disclose the user\u2019s personal information to partners, sponsors, advertisers, and others. However, in these cases, who will consult the user before data collection or transfer is made. The details of the shared use can be found in the specific use contracts and the rules of the promotions. Some or all of the data collected during a Reportei promotion may be shared with a sponsor. If data is shared to identify the user, he will be informed before data collection or transfer.<\/li><li aria-level=\"1\">Third-party data and aggregated data: Under confidentiality agreements and other contractual instruments, Reportei can compare user information with third-party data. In addition, Reportei may release aggregated statistics to groups of users to describe its services to potential partners, sponsors, and advertisers.<\/li><li aria-level=\"1\">Others: Reportei may also reveal information about the user in special cases where there is a reason to believe that they are necessary to identify, contact, or legally act against someone who may be causing harm or interfering (intentionally or unintentionally) the rights or property of Reportei, other Reportei users, or anyone who is harmed by such activities. In addition, Reportei may disclose information about the user in cases required by law or judicial authority.<br \/><br \/>When you provide personal information such as name, phone number, and address to complete a transaction, check your credit card, place an order, arrange for a delivery, or return a purchase. We obtain your consent to store and\/or use such information. After carrying out actions, we understand that the user agrees with the data collection to be used by our company.<br \/><br \/>If we ask you for your personal information for a secondary reason, such as\u00a0<i>marketing<\/i>, we will ask you directly for your consent or allow you to speak up.<br \/><br \/>If the user changes his mind after providing us with his data, he may withdraw his consent. For us to contact you, for the continuous collection of data, use, or disclosure of your information, at any time, the user must contact us by e-mail at support@.reportei.com<br \/><br \/>6.\u00a0<b>YOUTUBE AND GOOGLE<br \/><br \/><\/b>Reportei uses the YouTube API Service in order to generate Reports and Dashboards for YouTube Channels. Because of that by using Reportei you are agreeing to be bound by the YouTube\u00a0<a href=\"https:\/\/www.youtube.com\/t\/terms\">Terms of Service<\/a>\u00a0and by the Google\u00a0<a href=\"http:\/\/www.google.com\/policies\/privacy\">Privacy Policy<\/a>. Reportei will collect the YouTube Data of your channel based on the metrics you add to your reports and dashboards. This data belongs to you and will not be shared with any third-party. If you want to revoke your Google Accounts from Reportei you should access your\u00a0<a href=\"https:\/\/security.google.com\/settings\/security\/permissions\">Google Security Settings<\/a>. If you have any questions or complaints you should contact us via email at privacy@reportei.com<br \/><br \/>7.\u00a0<b>THE ANNOUNCEMENTS<br \/><br \/><\/b>Like other\u00a0<i>websites<\/i>, we collect and use the information contained in the advertisements. The information contained in the advertisements includes the user\u2019s IP (address internet<i>\u00a0Protocol<\/i>), his ISP (<i>Internet Service Provider<\/i>), the browser used when visiting our\u00a0<i>website<\/i>\u00a0(such as\u00a0<i>Internet Explorer<\/i>\u00a0or\u00a0<i>Firefox<\/i>), the time of his visit, and the pages visited within site.<br \/><br \/>8.\u00a0<b>SECURITY PRECAUTIONS ESTABLISHED FOR USER PROTECTION IN THE EVENT OF LOSS, MISUSE, OR CHANGE OF INFORMATION<br \/><br \/><\/b>The information on Reportei\u2019s account is password-protected so that only the user has access to their personal information.<br \/><br \/>The password is secret, and we recommend to the user that it is not revealed to anyone. Reportei will not, under any circumstances, request, either by\u00a0<i>email<\/i>\u00a0or phone, the user\u2019s personal password. The user must remember to log out of his account and close his browser window when browsing the Internet. This makes it difficult for others to access their personal information and correspondence if the user shares a computer with someone or uses a computer in a public place, such as a library or public Internet access location.<br \/><br \/>No data transmission over the Internet is 100% secure. Therefore, although Reportei will always do its best to protect your personal information, it is impossible to guarantee all information that the user may provide to us. It is a personal decision to use the service under these conditions.<br \/><br \/>9.\u00a0<b>LINKS TO THIRD PARTY SITES<br \/><br \/><\/b>Reportei has links to other\u00a0<i>sites<\/i>, which may contain information and useful tools for our visitors. However, our Privacy Policy does not apply to\u00a0<i>websites<\/i>\u00a0of a third party. Thus, if the user visits another\u00a0<i>site<\/i>\u00a0from ours, he\/she should read the Privacy Policy of the same. We are not responsible for the Privacy Policy or content present on these\u00a0<i>sites.<br \/><br \/><\/i>In general, the third-party suppliers used by us will only collect, use, and disclose information to enable them to perform the services they provide to us.<br \/><br \/>However, certain third-party service providers, such as\u00a0<i>gateways<\/i>\u00a0payment and other payment transaction processors, have their own Privacy Policies concerning the information we are required to provide from purchase-related transactions.<br \/><br \/>We recommend that the users read their privacy policies to understand how these suppliers will use their personal information for these suppliers.<br \/><br \/>In particular, it is important to remember that certain suppliers may be located or have facilities located in jurisdictions other than ours or the one in which the user is located. Thus, if the user wants to proceed with a transaction that involves the services of a third-party service provider, then their information may become subject to the laws of the jurisdiction (s) in which the service provider or its facilities are located.<br \/><br \/>Once the user leaves our\u00a0<i>website<\/i>, redirected to application or\u00a0<i>website<\/i>\u00a0third party, he will no longer be governed by this Privacy Policy or the Reportei Terms of Use.<br \/><br \/>10.\u00a0<b>CHANGES TO THE PRIVACY POLICY<br \/><br \/><\/b>We reserve the right to modify this Privacy Policy at any time, so we recommend that the user review it frequently. Changes and clarifications will take effect immediately after their publication on the\u00a0<i>website<\/i>. If we make material changes to this policy, we will notify the user to know what information we collect, how we use it, and under what circumstances we use and\/or disclose it.<br \/><br \/>If our\u00a0<i>website<\/i>\u00a0is acquired or merged with another company, the user\u2019s information may be transferred to the new owners to maintain services to the user.<br \/><br \/>11.\u00a0<b>FINAL CONSIDERATIONS<br \/><br \/><\/b>To protect your personal information, we take reasonable precautions and follow industry best practices to ensure that it is not improperly lost, misused, accessed, disclosed, altered, or destroyed.<br \/><br \/>Ultimately the user is responsible for maintaining their privacy and the confidentiality of their passwords and\/or personal information.<br \/><br \/>Therefore, we recommend the user to:<\/li><\/ul><ul><li aria-level=\"1\">Inform himself, always searching, when browsing the Internet, the privacy policy\/declaration of the\u00a0<i>website<\/i>\u00a0he is accessing.<\/li><li aria-level=\"1\">Use complex passwords, formed by long combinations of different types of characters, with unusual combinations on the keyboard, since simple passwords are easily broken.<\/li><li aria-level=\"1\">Only provide your password when making purchases in person, never providing\u00a0<i>it online<\/i>. If this occurs, the user must modify it immediately.<\/li><li aria-level=\"1\">Avoid including information that allows people to find you, such as a phone number or mailing address. It should be noted that personal ads, forums, and chat rooms are in the public domain, and the information made available on these means will be available to anyone with access to them.<\/li><\/ul>\t\t\t\t\t\t\t\t<\/div>\n\t\t\t\t<\/div>\n\t\t\t\t\t<\/div>\n\t\t<\/div>\n\t\t\t\t\t<\/div>\n\t\t<\/section>\n\t\t\t\t<\/div>\n\t\t","protected":false},"excerpt":{"rendered":"<p>Pol\u00edtica de Privacidad \u00daltima actualizaci\u00f3n: 24 de febrero de 2023 PRIVACY POLICY\u00a0 INITIAL CONSIDERATIONS This \u201cPRIVACY POLICY\u201d document defines the practices and processes adopted by the data management company \u201cReportei\u201d when managing the information of its users, seeking to inform them about all their rights and guarantees, the ways of use, data collected, processing, and [&hellip;]<\/p>\n","protected":false},"author":9,"featured_media":68788,"parent":0,"menu_order":0,"comment_status":"closed","ping_status":"closed","template":"","meta":{"_yoast_wpseo_focuskw":"","_yoast_wpseo_title":"","_yoast_wpseo_metadesc":"","inline_featured_image":false,"site-sidebar-layout":"default","site-content-layout":"default","ast-site-content-layout":"default","site-content-style":"default","site-sidebar-style":"default","ast-global-header-display":"","ast-banner-title-visibility":"","ast-main-header-display":"","ast-hfb-above-header-display":"","ast-hfb-below-header-display":"","ast-hfb-mobile-header-display":"","site-post-title":"disabled","ast-breadcrumbs-content":"","ast-featured-img":"","footer-sml-layout":"","ast-disable-related-posts":"","theme-transparent-header-meta":"default","adv-header-id-meta":"","stick-header-meta":"","header-above-stick-meta":"","header-main-stick-meta":"","header-below-stick-meta":"","astra-migrate-meta-layouts":"set","ast-page-background-enabled":"default","ast-page-background-meta":{"desktop":{"background-color":"var(--ast-global-color-4)","background-image":"","background-repeat":"repeat","background-position":"center center","background-size":"auto","background-attachment":"scroll","background-type":"","background-media":"","overlay-type":"","overlay-color":"","overlay-opacity":"","overlay-gradient":""},"tablet":{"background-color":"","background-image":"","background-repeat":"repeat","background-position":"center center","background-size":"auto","background-attachment":"scroll","background-type":"","background-media":"","overlay-type":"","overlay-color":"","overlay-opacity":"","overlay-gradient":""},"mobile":{"background-color":"","background-image":"","background-repeat":"repeat","background-position":"center center","background-size":"auto","background-attachment":"scroll","background-type":"","background-media":"","overlay-type":"","overlay-color":"","overlay-opacity":"","overlay-gradient":""}},"ast-content-background-meta":{"desktop":{"background-color":"var(--ast-global-color-5)","background-image":"","background-repeat":"repeat","background-position":"center center","background-size":"auto","background-attachment":"scroll","background-type":"","background-media":"","overlay-type":"","overlay-color":"","overlay-opacity":"","overlay-gradient":""},"tablet":{"background-color":"var(--ast-global-color-5)","background-image":"","background-repeat":"repeat","background-position":"center center","background-size":"auto","background-attachment":"scroll","background-type":"","background-media":"","overlay-type":"","overlay-color":"","overlay-opacity":"","overlay-gradient":""},"mobile":{"background-color":"var(--ast-global-color-5)","background-image":"","background-repeat":"repeat","background-position":"center center","background-size":"auto","background-attachment":"scroll","background-type":"","background-media":"","overlay-type":"","overlay-color":"","overlay-opacity":"","overlay-gradient":""}},"footnotes":""},"class_list":["post-34616","page","type-page","status-publish","has-post-thumbnail","hentry"],"_links":{"self":[{"href":"https:\/\/reportei.com\/es\/wp-json\/wp\/v2\/pages\/34616","targetHints":{"allow":["GET"]}}],"collection":[{"href":"https:\/\/reportei.com\/es\/wp-json\/wp\/v2\/pages"}],"about":[{"href":"https:\/\/reportei.com\/es\/wp-json\/wp\/v2\/types\/page"}],"author":[{"embeddable":true,"href":"https:\/\/reportei.com\/es\/wp-json\/wp\/v2\/users\/9"}],"replies":[{"embeddable":true,"href":"https:\/\/reportei.com\/es\/wp-json\/wp\/v2\/comments?post=34616"}],"version-history":[{"count":5,"href":"https:\/\/reportei.com\/es\/wp-json\/wp\/v2\/pages\/34616\/revisions"}],"predecessor-version":[{"id":68790,"href":"https:\/\/reportei.com\/es\/wp-json\/wp\/v2\/pages\/34616\/revisions\/68790"}],"wp:featuredmedia":[{"embeddable":true,"href":"https:\/\/reportei.com\/es\/wp-json\/wp\/v2\/media\/68788"}],"wp:attachment":[{"href":"https:\/\/reportei.com\/es\/wp-json\/wp\/v2\/media?parent=34616"}],"curies":[{"name":"wp","href":"https:\/\/api.w.org\/{rel}","templated":true}]}}