{"id":1774,"date":"2022-07-04T20:52:35","date_gmt":"2022-07-04T23:52:35","guid":{"rendered":"https:\/\/servidor.reportei.com\/academy\/?page_id=1774"},"modified":"2024-09-18T09:48:19","modified_gmt":"2024-09-18T12:48:19","slug":"certifiquei","status":"publish","type":"page","link":"https:\/\/reportei.com\/academy\/certifiquei\/","title":{"rendered":"Certifiquei"},"content":{"rendered":"\t\t<div data-elementor-type=\"wp-page\" data-elementor-id=\"1774\" class=\"elementor elementor-1774\" data-elementor-post-type=\"page\">\n\t\t\t\t\t\t<section class=\"elementor-section elementor-top-section elementor-element elementor-element-2f626a8 elementor-section-boxed elementor-section-height-default elementor-section-height-default\" data-id=\"2f626a8\" data-element_type=\"section\" data-settings=\"{&quot;background_background&quot;:&quot;classic&quot;,&quot;shape_divider_bottom&quot;:&quot;opacity-fan&quot;}\">\n\t\t\t\t\t\t\t<div class=\"elementor-background-overlay\"><\/div>\n\t\t\t\t\t\t<div class=\"elementor-shape elementor-shape-bottom\" data-negative=\"false\">\n\t\t\t<svg xmlns=\"http:\/\/www.w3.org\/2000\/svg\" viewBox=\"0 0 283.5 19.6\" preserveAspectRatio=\"none\">\n\t<path class=\"elementor-shape-fill\" style=\"opacity:0.33\" d=\"M0 0L0 18.8 141.8 4.1 283.5 18.8 283.5 0z\"\/>\n\t<path class=\"elementor-shape-fill\" style=\"opacity:0.33\" d=\"M0 0L0 12.6 141.8 4 283.5 12.6 283.5 0z\"\/>\n\t<path class=\"elementor-shape-fill\" style=\"opacity:0.33\" d=\"M0 0L0 6.4 141.8 4 283.5 6.4 283.5 0z\"\/>\n\t<path class=\"elementor-shape-fill\" d=\"M0 0L0 1.2 141.8 4 283.5 1.2 283.5 0z\"\/>\n<\/svg>\t\t<\/div>\n\t\t\t\t\t<div class=\"elementor-container elementor-column-gap-default\">\n\t\t\t\t\t<div class=\"elementor-column elementor-col-100 elementor-top-column elementor-element elementor-element-8d36f92\" data-id=\"8d36f92\" data-element_type=\"column\">\n\t\t\t<div class=\"elementor-widget-wrap elementor-element-populated\">\n\t\t\t\t\t\t<div class=\"elementor-element elementor-element-9ea5fa5 elementor-widget elementor-widget-image\" data-id=\"9ea5fa5\" data-element_type=\"widget\" data-widget_type=\"image.default\">\n\t\t\t\t<div class=\"elementor-widget-container\">\n\t\t\t\t\t\t\t\t\t\t\t\t\t<img decoding=\"async\" src=\"https:\/\/reportei.com\/academy\/wp-content\/uploads\/elementor\/thumbs\/reportei-academy-logo-prak4h98mer4gzbbu80gfzq4e25h1rivuobksrkrw2.png\" title=\"reportei-academy-logo\" alt=\"reportei-academy-logo\" loading=\"lazy\" \/>\t\t\t\t\t\t\t\t\t\t\t\t\t<\/div>\n\t\t\t\t<\/div>\n\t\t\t\t<div class=\"elementor-element elementor-element-bfe4081 elementor-widget elementor-widget-heading\" data-id=\"bfe4081\" data-element_type=\"widget\" data-widget_type=\"heading.default\">\n\t\t\t\t<div class=\"elementor-widget-container\">\n\t\t\t<h1 class=\"elementor-heading-title elementor-size-large\">S\u00e3o 2 cursos gratuitos, cada um com sua certifica\u00e7\u00e3o. Em menos de 2h de conte\u00fado, voc\u00ea ter\u00e1 uma capacita\u00e7\u00e3o em An\u00e1lise de Dados e Apresenta\u00e7\u00e3o de Relat\u00f3rios.<\/h1>\t\t<\/div>\n\t\t\t\t<\/div>\n\t\t\t\t<div class=\"elementor-element elementor-element-e5cd7e7 elementor-widget elementor-widget-text-editor\" data-id=\"e5cd7e7\" data-element_type=\"widget\" data-widget_type=\"text-editor.default\">\n\t\t\t\t<div class=\"elementor-widget-container\">\n\t\t\t\t\t\t\t<h4 style=\"text-align: center;\"><span style=\"color: #ffffff;\"><strong>Assista ao v\u00eddeo abaixo e conhe\u00e7a as duas Certifica\u00e7\u00f5es Gratuitas do Reportei Academy! Voc\u00ea pode optar por uma das certifica\u00e7\u00f5es dispon\u00edveis ou realizar as duas certifica\u00e7\u00f5es, completando o curso de Analista Data Driven.<\/strong><\/span><\/h4><h4 style=\"text-align: center;\"><span style=\"color: #ffffff;\"> Menos achismo, mais dados no marketing digital.<\/span><\/h4>\t\t\t\t\t\t<\/div>\n\t\t\t\t<\/div>\n\t\t\t\t<div class=\"elementor-element elementor-element-6fd9a44 elementor-widget__width-initial elementor-widget elementor-widget-video\" data-id=\"6fd9a44\" data-element_type=\"widget\" id=\"sales-video\" data-settings=\"{&quot;youtube_url&quot;:&quot;https:\\\/\\\/youtu.be\\\/uR4SkvCwIWc&quot;,&quot;lazy_load&quot;:&quot;yes&quot;,&quot;show_image_overlay&quot;:&quot;yes&quot;,&quot;image_overlay&quot;:{&quot;url&quot;:&quot;https:\\\/\\\/reportei.com\\\/academy\\\/wp-content\\\/uploads\\\/2021\\\/12\\\/h2.png&quot;,&quot;id&quot;:957,&quot;size&quot;:&quot;&quot;,&quot;alt&quot;:&quot;&quot;,&quot;source&quot;:&quot;library&quot;},&quot;video_type&quot;:&quot;youtube&quot;,&quot;controls&quot;:&quot;yes&quot;}\" data-widget_type=\"video.default\">\n\t\t\t\t<div class=\"elementor-widget-container\">\n\t\t\t\t\t<div class=\"elementor-wrapper elementor-open-inline\">\n\t\t\t<div class=\"elementor-video\"><\/div>\t\t\t\t<div class=\"elementor-custom-embed-image-overlay\" style=\"background-image: url(https:\/\/reportei.com\/academy\/wp-content\/uploads\/2021\/12\/h2.png);\">\n\t\t\t\t\t\t\t\t\t\t\t\t\t\t<\/div>\n\t\t\t\t\t<\/div>\n\t\t\t\t<\/div>\n\t\t\t\t<\/div>\n\t\t\t\t\t<\/div>\n\t\t<\/div>\n\t\t\t\t\t<\/div>\n\t\t<\/section>\n\t\t\t\t<section class=\"elementor-section elementor-top-section elementor-element elementor-element-a87f966 elementor-section-boxed elementor-section-height-default elementor-section-height-default\" data-id=\"a87f966\" data-element_type=\"section\">\n\t\t\t\t\t\t<div class=\"elementor-container elementor-column-gap-default\">\n\t\t\t\t\t<div class=\"elementor-column elementor-col-25 elementor-top-column elementor-element elementor-element-da4ab9b\" data-id=\"da4ab9b\" data-element_type=\"column\">\n\t\t\t<div class=\"elementor-widget-wrap\">\n\t\t\t\t\t\t\t<\/div>\n\t\t<\/div>\n\t\t\t\t<div class=\"elementor-column elementor-col-25 elementor-top-column elementor-element elementor-element-4d2e267\" data-id=\"4d2e267\" data-element_type=\"column\">\n\t\t\t<div class=\"elementor-widget-wrap elementor-element-populated\">\n\t\t\t\t\t\t<div class=\"elementor-element elementor-element-26e9649 elementor-widget elementor-widget-image\" data-id=\"26e9649\" data-element_type=\"widget\" data-widget_type=\"image.default\">\n\t\t\t\t<div class=\"elementor-widget-container\">\n\t\t\t\t\t\t\t\t\t\t\t\t\t<img fetchpriority=\"high\" decoding=\"async\" width=\"420\" height=\"420\" src=\"https:\/\/reportei.com\/academy\/wp-content\/uploads\/2022\/07\/420-e1656982548856.png\" class=\"attachment-large size-large wp-image-1818\" alt=\"\" srcset=\"https:\/\/reportei.com\/academy\/wp-content\/uploads\/2022\/07\/420-e1656982548856.png 420w, https:\/\/reportei.com\/academy\/wp-content\/uploads\/2022\/07\/420-e1656982548856-300x300.png 300w, https:\/\/reportei.com\/academy\/wp-content\/uploads\/2022\/07\/420-e1656982548856-150x150.png 150w\" sizes=\"(max-width: 420px) 100vw, 420px\" \/>\t\t\t\t\t\t\t\t\t\t\t\t\t<\/div>\n\t\t\t\t<\/div>\n\t\t\t\t<div class=\"elementor-element elementor-element-ac0b7e7 elementor-widget elementor-widget-text-editor\" data-id=\"ac0b7e7\" data-element_type=\"widget\" data-widget_type=\"text-editor.default\">\n\t\t\t\t<div class=\"elementor-widget-container\">\n\t\t\t\t\t\t\t<p style=\"font-size: 18px; font-weight: bold; margin: 0px; text-align: center;\">Rodrigo Nunes<\/p>\n<p style=\"text-align: center;margin: 0px;\">Professor no Reportei Academy<\/p>\n<p style=\"text-align: center;margin: 0px;\">CTO e Cofundador do Reportei<\/p>\t\t\t\t\t\t<\/div>\n\t\t\t\t<\/div>\n\t\t\t\t\t<\/div>\n\t\t<\/div>\n\t\t\t\t<div class=\"elementor-column elementor-col-25 elementor-top-column elementor-element elementor-element-ae6bc27\" data-id=\"ae6bc27\" data-element_type=\"column\">\n\t\t\t<div class=\"elementor-widget-wrap elementor-element-populated\">\n\t\t\t\t\t\t<div class=\"elementor-element elementor-element-b1d7949 elementor-widget elementor-widget-text-editor\" data-id=\"b1d7949\" data-element_type=\"widget\" data-widget_type=\"text-editor.default\">\n\t\t\t\t<div class=\"elementor-widget-container\">\n\t\t\t\t\t\t\t<h2 class=\"entry-title\"><span style=\"color: #0064e4;\"><strong>Certifica\u00e7\u00e3o em An\u00e1lise de M\u00e9tricas em Marketing Digital<\/strong><\/span><\/h2><p style=\"font-size: 16px;\"><strong>Esta certifica\u00e7\u00e3o \u00e9 direcionada a analistas que querem entender melhor as m\u00e9tricas de Marketing Digital<\/strong> para fazer an\u00e1lises e apresentar resultados aos seus clientes e superiores.<\/p><p style=\"font-size: 16px;\">Nessa jornada de aprendizagem, <strong>o aluno aprende como entendemos o que os dados t\u00eam a nos dizer<\/strong>, contextualiza melhor a an\u00e1lise de m\u00e9tricas no ciclo de gest\u00e3o das empresas e recebe direcionamentos dos comportamentos que v\u00e3o lev\u00e1-lo a ser cada vez mais Data Driven.<\/p><p style=\"font-size: 16px;\">Al\u00e9m disso, vai conhecer conceitos fundamentais para lidar melhor com os n\u00fameros de forma bem pr\u00e1tica e focada no uso do dia a dia. <strong>Vai passar pelas m\u00e9tricas mais relevantes para o Marketing Digial hoje e acompanhar uma an\u00e1lise de um relat\u00f3rio real.<\/strong><\/p>\t\t\t\t\t\t<\/div>\n\t\t\t\t<\/div>\n\t\t\t\t<div class=\"elementor-element elementor-element-bf7e5e1 elementor-widget elementor-widget-button\" data-id=\"bf7e5e1\" data-element_type=\"widget\" data-widget_type=\"button.default\">\n\t\t\t\t<div class=\"elementor-widget-container\">\n\t\t\t\t\t\t\t<div class=\"elementor-button-wrapper\">\n\t\t\t\t\t<a class=\"elementor-button elementor-button-link elementor-size-sm\" href=\"https:\/\/reportei.com\/academy\/courses\/analista-data-driven-1-certificacao-em-analise-de-metricas-em-marketing-digital\/\">\n\t\t\t\t\t\t<span class=\"elementor-button-content-wrapper\">\n\t\t\t\t\t\t\t\t\t<span class=\"elementor-button-text\">Fazer minha inscri\u00e7\u00e3o<\/span>\n\t\t\t\t\t<\/span>\n\t\t\t\t\t<\/a>\n\t\t\t\t<\/div>\n\t\t\t\t\t\t<\/div>\n\t\t\t\t<\/div>\n\t\t\t\t\t<\/div>\n\t\t<\/div>\n\t\t\t\t<div class=\"elementor-column elementor-col-25 elementor-top-column elementor-element elementor-element-e4c86a0\" data-id=\"e4c86a0\" data-element_type=\"column\">\n\t\t\t<div class=\"elementor-widget-wrap\">\n\t\t\t\t\t\t\t<\/div>\n\t\t<\/div>\n\t\t\t\t\t<\/div>\n\t\t<\/section>\n\t\t\t\t<section class=\"elementor-section elementor-top-section elementor-element elementor-element-18330e2 elementor-section-boxed elementor-section-height-default elementor-section-height-default\" data-id=\"18330e2\" data-element_type=\"section\" data-settings=\"{&quot;background_background&quot;:&quot;classic&quot;}\">\n\t\t\t\t\t\t\t<div class=\"elementor-background-overlay\"><\/div>\n\t\t\t\t\t\t\t<div class=\"elementor-container elementor-column-gap-default\">\n\t\t\t\t\t<div class=\"elementor-column elementor-col-25 elementor-top-column elementor-element elementor-element-56caaa7\" data-id=\"56caaa7\" data-element_type=\"column\">\n\t\t\t<div class=\"elementor-widget-wrap\">\n\t\t\t\t\t\t\t<\/div>\n\t\t<\/div>\n\t\t\t\t<div class=\"elementor-column elementor-col-25 elementor-top-column elementor-element elementor-element-7516327\" data-id=\"7516327\" data-element_type=\"column\">\n\t\t\t<div class=\"elementor-widget-wrap elementor-element-populated\">\n\t\t\t\t\t\t<div class=\"elementor-element elementor-element-425ea8c elementor-widget elementor-widget-image\" data-id=\"425ea8c\" data-element_type=\"widget\" data-widget_type=\"image.default\">\n\t\t\t\t<div class=\"elementor-widget-container\">\n\t\t\t\t\t\t\t\t\t\t\t\t\t<img decoding=\"async\" width=\"474\" height=\"474\" src=\"https:\/\/reportei.com\/academy\/wp-content\/uploads\/2022\/07\/renaaan-e1656982506893.png\" class=\"attachment-large size-large wp-image-1816\" alt=\"\" srcset=\"https:\/\/reportei.com\/academy\/wp-content\/uploads\/2022\/07\/renaaan-e1656982506893.png 474w, https:\/\/reportei.com\/academy\/wp-content\/uploads\/2022\/07\/renaaan-e1656982506893-300x300.png 300w, https:\/\/reportei.com\/academy\/wp-content\/uploads\/2022\/07\/renaaan-e1656982506893-150x150.png 150w\" sizes=\"(max-width: 474px) 100vw, 474px\" \/>\t\t\t\t\t\t\t\t\t\t\t\t\t<\/div>\n\t\t\t\t<\/div>\n\t\t\t\t<div class=\"elementor-element elementor-element-9eb55f4 elementor-widget elementor-widget-text-editor\" data-id=\"9eb55f4\" data-element_type=\"widget\" data-widget_type=\"text-editor.default\">\n\t\t\t\t<div class=\"elementor-widget-container\">\n\t\t\t\t\t\t\t<p style=\"font-size: 18px; font-weight: bold; margin: 0px; text-align: center;\">Renan Caixeiro<\/p>\n<p style=\"text-align: center;margin: 0px;\">Professor no Reportei Academy<\/p>\n<p style=\"text-align: center;margin: 0px;\">CMO e Cofundador do Reportei<\/p>\t\t\t\t\t\t<\/div>\n\t\t\t\t<\/div>\n\t\t\t\t\t<\/div>\n\t\t<\/div>\n\t\t\t\t<div class=\"elementor-column elementor-col-25 elementor-top-column elementor-element elementor-element-05bd446\" data-id=\"05bd446\" data-element_type=\"column\">\n\t\t\t<div class=\"elementor-widget-wrap elementor-element-populated\">\n\t\t\t\t\t\t<div class=\"elementor-element elementor-element-4c60d61 elementor-widget elementor-widget-text-editor\" data-id=\"4c60d61\" data-element_type=\"widget\" data-widget_type=\"text-editor.default\">\n\t\t\t\t<div class=\"elementor-widget-container\">\n\t\t\t\t\t\t\t<h2 class=\"entry-title\"><span style=\"color: #0064e4;\"><strong>Certifica\u00e7\u00e3o em Interpreta\u00e7\u00e3o e Apresenta\u00e7\u00e3o de Relat\u00f3rios e Dashboards<\/strong><\/span><\/h2><p style=\"font-size: 18px;\"><strong>Esta certifica\u00e7\u00e3o apoia profissionais do Marketing Digital que j\u00e1 se consideram conhecedores das principais m\u00e9tricas<\/strong> do mercado e como elas impactam nos seus clientes e que agora querem melhorar o uso estrat\u00e9gico desses dados.<\/p><p style=\"font-size: 18px;\">O aluno vai desenvolver suas habilidades para fazer melhores apresenta\u00e7\u00f5es e <strong>transformar reuni\u00f5es de resultados em momentos cruciais para o crescimento do neg\u00f3cio.<\/strong><\/p><p style=\"font-size: 18px;\">Ele tamb\u00e9m vai <strong>aprender como aproveitar as an\u00e1lises feitas para melhorar a gest\u00e3o<\/strong> da pr\u00f3pria ag\u00eancia.<\/p>\t\t\t\t\t\t<\/div>\n\t\t\t\t<\/div>\n\t\t\t\t<div class=\"elementor-element elementor-element-7df61d1 elementor-widget elementor-widget-button\" data-id=\"7df61d1\" data-element_type=\"widget\" data-widget_type=\"button.default\">\n\t\t\t\t<div class=\"elementor-widget-container\">\n\t\t\t\t\t\t\t<div class=\"elementor-button-wrapper\">\n\t\t\t\t\t<a class=\"elementor-button elementor-button-link elementor-size-sm\" href=\"https:\/\/reportei.com\/academy\/courses\/analista-data-driven-2-certificacao-em-interpretacao-e-apresentacao-de-relatorios-e-dashboards\/\">\n\t\t\t\t\t\t<span class=\"elementor-button-content-wrapper\">\n\t\t\t\t\t\t\t\t\t<span class=\"elementor-button-text\">Fazer minha inscri\u00e7\u00e3o<\/span>\n\t\t\t\t\t<\/span>\n\t\t\t\t\t<\/a>\n\t\t\t\t<\/div>\n\t\t\t\t\t\t<\/div>\n\t\t\t\t<\/div>\n\t\t\t\t\t<\/div>\n\t\t<\/div>\n\t\t\t\t<div class=\"elementor-column elementor-col-25 elementor-top-column elementor-element elementor-element-98a093a\" data-id=\"98a093a\" data-element_type=\"column\">\n\t\t\t<div class=\"elementor-widget-wrap\">\n\t\t\t\t\t\t\t<\/div>\n\t\t<\/div>\n\t\t\t\t\t<\/div>\n\t\t<\/section>\n\t\t\t\t<section class=\"elementor-section elementor-top-section elementor-element elementor-element-622e4c4 elementor-section-boxed elementor-section-height-default elementor-section-height-default\" data-id=\"622e4c4\" data-element_type=\"section\" data-settings=\"{&quot;background_background&quot;:&quot;classic&quot;,&quot;shape_divider_top&quot;:&quot;opacity-fan&quot;}\">\n\t\t\t\t\t<div class=\"elementor-shape elementor-shape-top\" data-negative=\"false\">\n\t\t\t<svg xmlns=\"http:\/\/www.w3.org\/2000\/svg\" viewBox=\"0 0 283.5 19.6\" preserveAspectRatio=\"none\">\n\t<path class=\"elementor-shape-fill\" style=\"opacity:0.33\" d=\"M0 0L0 18.8 141.8 4.1 283.5 18.8 283.5 0z\"\/>\n\t<path class=\"elementor-shape-fill\" style=\"opacity:0.33\" d=\"M0 0L0 12.6 141.8 4 283.5 12.6 283.5 0z\"\/>\n\t<path class=\"elementor-shape-fill\" style=\"opacity:0.33\" d=\"M0 0L0 6.4 141.8 4 283.5 6.4 283.5 0z\"\/>\n\t<path class=\"elementor-shape-fill\" d=\"M0 0L0 1.2 141.8 4 283.5 1.2 283.5 0z\"\/>\n<\/svg>\t\t<\/div>\n\t\t\t\t\t<div class=\"elementor-container elementor-column-gap-default\">\n\t\t\t\t\t<div class=\"elementor-column elementor-col-25 elementor-top-column elementor-element elementor-element-22784a9\" data-id=\"22784a9\" data-element_type=\"column\">\n\t\t\t<div class=\"elementor-widget-wrap\">\n\t\t\t\t\t\t\t<\/div>\n\t\t<\/div>\n\t\t\t\t<div class=\"elementor-column elementor-col-50 elementor-top-column elementor-element elementor-element-a5ac01c\" data-id=\"a5ac01c\" data-element_type=\"column\">\n\t\t\t<div class=\"elementor-widget-wrap elementor-element-populated\">\n\t\t\t\t\t\t<div class=\"elementor-element elementor-element-031a72d elementor-widget elementor-widget-image\" data-id=\"031a72d\" data-element_type=\"widget\" data-widget_type=\"image.default\">\n\t\t\t\t<div class=\"elementor-widget-container\">\n\t\t\t\t\t\t\t\t\t\t\t\t\t<img decoding=\"async\" src=\"https:\/\/reportei.com\/academy\/wp-content\/uploads\/elementor\/thumbs\/Reportei_Logotipos_Verso\u0303es-03-pranux484csj1615su2hkkej31ieza8so3eoui8ohk.png\" title=\"Reportei_Logotipos_Verso\u0303es-03\" alt=\"Reportei_Logotipos_Verso\u0303es-03\" loading=\"lazy\" \/>\t\t\t\t\t\t\t\t\t\t\t\t\t<\/div>\n\t\t\t\t<\/div>\n\t\t\t\t<div class=\"elementor-element elementor-element-8d30a16 elementor-widget elementor-widget-text-editor\" data-id=\"8d30a16\" data-element_type=\"widget\" data-widget_type=\"text-editor.default\">\n\t\t\t\t<div class=\"elementor-widget-container\">\n\t\t\t\t\t\t\t<h3 class=\"fw-900 mb-20\" style=\"text-align: center; font-size:26px;\"><strong><span style=\"color: #ffffff;\">Voc\u00ea j\u00e1 conhece o Reportei?<\/span><\/strong><\/h3>\n<p style=\"text-align: center; font-size: 16px;\"><span style=\"color: #ffffff;\">Pare de perder tempo com relat\u00f3rios e dashboards feitos manualmente e ganhe produtividade. Com Reportei voc\u00ea <strong>gera relat\u00f3rios e dashboards profissionais de Marketing Digital em apenas 3 segundos.<\/strong><\/span><\/p>\t\t\t\t\t\t<\/div>\n\t\t\t\t<\/div>\n\t\t\t\t<div class=\"elementor-element elementor-element-dc52814 elementor-align-center elementor-widget elementor-widget-button\" data-id=\"dc52814\" data-element_type=\"widget\" data-widget_type=\"button.default\">\n\t\t\t\t<div class=\"elementor-widget-container\">\n\t\t\t\t\t\t\t<div class=\"elementor-button-wrapper\">\n\t\t\t\t\t<a class=\"elementor-button elementor-button-link elementor-size-md\" href=\"https:\/\/reportei.com?utm_source=certifiquei\">\n\t\t\t\t\t\t<span class=\"elementor-button-content-wrapper\">\n\t\t\t\t\t\t\t\t\t<span class=\"elementor-button-text\">Quero conhecer!<\/span>\n\t\t\t\t\t<\/span>\n\t\t\t\t\t<\/a>\n\t\t\t\t<\/div>\n\t\t\t\t\t\t<\/div>\n\t\t\t\t<\/div>\n\t\t\t\t\t<\/div>\n\t\t<\/div>\n\t\t\t\t<div class=\"elementor-column elementor-col-25 elementor-top-column elementor-element elementor-element-90e7662\" data-id=\"90e7662\" data-element_type=\"column\">\n\t\t\t<div class=\"elementor-widget-wrap\">\n\t\t\t\t\t\t\t<\/div>\n\t\t<\/div>\n\t\t\t\t\t<\/div>\n\t\t<\/section>\n\t\t\t\t<\/div>\n\t\t","protected":false},"excerpt":{"rendered":"<p>S\u00e3o 2 cursos gratuitos, cada um com sua certifica\u00e7\u00e3o. Em menos de 2h de conte\u00fado, voc\u00ea ter\u00e1 uma capacita\u00e7\u00e3o em An\u00e1lise de Dados e Apresenta\u00e7\u00e3o de Relat\u00f3rios. Assista ao v\u00eddeo abaixo e conhe\u00e7a as duas Certifica\u00e7\u00f5es Gratuitas do Reportei Academy! Voc\u00ea pode optar por uma das certifica\u00e7\u00f5es dispon\u00edveis ou realizar as duas certifica\u00e7\u00f5es, completando o [&hellip;]<\/p>\n","protected":false},"author":1,"featured_media":0,"parent":0,"menu_order":0,"comment_status":"closed","ping_status":"closed","template":"","meta":{"content-type":"","site-sidebar-layout":"no-sidebar","site-content-layout":"page-builder","ast-site-content-layout":"","site-content-style":"default","site-sidebar-style":"default","ast-global-header-display":"","ast-banner-title-visibility":"","ast-main-header-display":"disabled","ast-hfb-above-header-display":"","ast-hfb-below-header-display":"","ast-hfb-mobile-header-display":"disabled","site-post-title":"disabled","ast-breadcrumbs-content":"","ast-featured-img":"disabled","footer-sml-layout":"","theme-transparent-header-meta":"","adv-header-id-meta":"","stick-header-meta":"","header-above-stick-meta":"","header-main-stick-meta":"","header-below-stick-meta":"","astra-migrate-meta-layouts":"default","ast-page-background-enabled":"default","ast-page-background-meta":{"desktop":{"background-color":"","background-image":"","background-repeat":"repeat","background-position":"center center","background-size":"auto","background-attachment":"scroll","background-type":"","background-media":"","overlay-type":"","overlay-color":"","overlay-opacity":"","overlay-gradient":""},"tablet":{"background-color":"","background-image":"","background-repeat":"repeat","background-position":"center center","background-size":"auto","background-attachment":"scroll","background-type":"","background-media":"","overlay-type":"","overlay-color":"","overlay-opacity":"","overlay-gradient":""},"mobile":{"background-color":"","background-image":"","background-repeat":"repeat","background-position":"center center","background-size":"auto","background-attachment":"scroll","background-type":"","background-media":"","overlay-type":"","overlay-color":"","overlay-opacity":"","overlay-gradient":""}},"ast-content-background-meta":{"desktop":{"background-color":"var(--ast-global-color-5)","background-image":"","background-repeat":"repeat","background-position":"center center","background-size":"auto","background-attachment":"scroll","background-type":"","background-media":"","overlay-type":"","overlay-color":"","overlay-opacity":"","overlay-gradient":""},"tablet":{"background-color":"var(--ast-global-color-5)","background-image":"","background-repeat":"repeat","background-position":"center center","background-size":"auto","background-attachment":"scroll","background-type":"","background-media":"","overlay-type":"","overlay-color":"","overlay-opacity":"","overlay-gradient":""},"mobile":{"background-color":"var(--ast-global-color-5)","background-image":"","background-repeat":"repeat","background-position":"center center","background-size":"auto","background-attachment":"scroll","background-type":"","background-media":"","overlay-type":"","overlay-color":"","overlay-opacity":"","overlay-gradient":""}},"footnotes":""},"class_list":["post-1774","page","type-page","status-publish","hentry"],"_links":{"self":[{"href":"https:\/\/reportei.com\/academy\/wp-json\/wp\/v2\/pages\/1774","targetHints":{"allow":["GET"]}}],"collection":[{"href":"https:\/\/reportei.com\/academy\/wp-json\/wp\/v2\/pages"}],"about":[{"href":"https:\/\/reportei.com\/academy\/wp-json\/wp\/v2\/types\/page"}],"author":[{"embeddable":true,"href":"https:\/\/reportei.com\/academy\/wp-json\/wp\/v2\/users\/1"}],"replies":[{"embeddable":true,"href":"https:\/\/reportei.com\/academy\/wp-json\/wp\/v2\/comments?post=1774"}],"version-history":[{"count":125,"href":"https:\/\/reportei.com\/academy\/wp-json\/wp\/v2\/pages\/1774\/revisions"}],"predecessor-version":[{"id":2204,"href":"https:\/\/reportei.com\/academy\/wp-json\/wp\/v2\/pages\/1774\/revisions\/2204"}],"wp:attachment":[{"href":"https:\/\/reportei.com\/academy\/wp-json\/wp\/v2\/media?parent=1774"}],"curies":[{"name":"wp","href":"https:\/\/api.w.org\/{rel}","templated":true}]}}